{"id":6,"date":"2011-04-27T07:42:24","date_gmt":"2011-04-27T07:42:24","guid":{"rendered":"http:\/\/localhost\/wp_mfk\/?page_id=6"},"modified":"2020-02-10T22:29:02","modified_gmt":"2020-02-10T21:29:02","slug":"wir-uber-uns","status":"publish","type":"page","link":"https:\/\/www.mf-kleinbreitenbronn.de\/?page_id=6","title":{"rendered":"Wir \u00fcber uns"},"content":{"rendered":"<h2>Wie alles begann<\/h2>\n<p>Einige werden sich jetzt sicher fragen &#8222;Wo liegt denn bitte Kleinbreitenbronn?&#8220;<\/p>\n<p>Nun gut, Kleinbreitenbronn liegt in Mittelfranken (Bayern) zwischen Ansbach und Gunzenhausen.<\/p>\n<p>Wie wir auf unseren Namen gekommen sind?<br \/>\nGanz einfach. Unser fr\u00fcherer Pr\u00e4si, der Did, wohnt in Kleinbreitenbronn. Dort ist unser Treffpunkt f\u00fcr Ausfahrten und zu Motorradtreffen. Obwohl fast alle anderen Mitglieder aus umliegenden Ortschaften kommen, fiel bei unserer Gr\u00fcndung die Entscheidung deshalb schnell auf &#8222;Motorradfreunde Kleinbreitenbronn&#8220;.<\/p>\n<h2>MFK &#8211; Bikerparty<\/h2>\n<p>Seit \u00fcber 20 Jahren findet allj\u00e4hrlich die MFK-Bikerparty statt. Um mehr \u00fcber die diesj\u00e4hrige Bikerparty zu erfahren, bitte im Men\u00fc auf MFK-Treffen klicken.<\/p>\n","protected":false},"excerpt":{"rendered":"<p>Wie alles begann Einige werden sich jetzt sicher fragen &#8222;Wo liegt denn bitte Kleinbreitenbronn?&#8220; Nun gut, Kleinbreitenbronn liegt in Mittelfranken (Bayern) zwischen Ansbach und Gunzenhausen. Wie wir auf unseren Namen gekommen sind? Ganz einfach. Unser fr\u00fcherer Pr\u00e4si, der Did, wohnt in Kleinbreitenbronn. Dort ist unser Treffpunkt f\u00fcr Ausfahrten und zu Motorradtreffen. Obwohl fast alle anderen [&hellip;]<\/p>\n","protected":false},"author":1,"featured_media":0,"parent":0,"menu_order":0,"comment_status":"closed","ping_status":"closed","template":"","meta":{"footnotes":""},"class_list":["post-6","page","type-page","status-publish","hentry"],"jetpack_sharing_enabled":true,"_links":{"self":[{"href":"https:\/\/www.mf-kleinbreitenbronn.de\/index.php?rest_route=\/wp\/v2\/pages\/6","targetHints":{"allow":["GET"]}}],"collection":[{"href":"https:\/\/www.mf-kleinbreitenbronn.de\/index.php?rest_route=\/wp\/v2\/pages"}],"about":[{"href":"https:\/\/www.mf-kleinbreitenbronn.de\/index.php?rest_route=\/wp\/v2\/types\/page"}],"author":[{"embeddable":true,"href":"https:\/\/www.mf-kleinbreitenbronn.de\/index.php?rest_route=\/wp\/v2\/users\/1"}],"replies":[{"embeddable":true,"href":"https:\/\/www.mf-kleinbreitenbronn.de\/index.php?rest_route=%2Fwp%2Fv2%2Fcomments&post=6"}],"version-history":[{"count":16,"href":"https:\/\/www.mf-kleinbreitenbronn.de\/index.php?rest_route=\/wp\/v2\/pages\/6\/revisions"}],"predecessor-version":[{"id":540,"href":"https:\/\/www.mf-kleinbreitenbronn.de\/index.php?rest_route=\/wp\/v2\/pages\/6\/revisions\/540"}],"wp:attachment":[{"href":"https:\/\/www.mf-kleinbreitenbronn.de\/index.php?rest_route=%2Fwp%2Fv2%2Fmedia&parent=6"}],"curies":[{"name":"wp","href":"https:\/\/api.w.org\/{rel}","templated":true}]}}